{"id":23,"date":"2020-02-10T22:20:58","date_gmt":"2020-02-10T22:20:58","guid":{"rendered":"http:\/\/zikzag.wgl-demo.net\/?page_id=23"},"modified":"2026-01-05T14:32:19","modified_gmt":"2026-01-05T14:32:19","slug":"comment-ca-marche","status":"publish","type":"page","link":"https:\/\/smartsys.ma\/index.php\/comment-ca-marche\/","title":{"rendered":"Home 2"},"content":{"rendered":"\t\t<div data-elementor-type=\"wp-page\" data-elementor-id=\"23\" class=\"elementor elementor-23\" data-elementor-post-type=\"page\">\n\t\t\t\t\t\t<section class=\"elementor-section elementor-top-section elementor-element elementor-element-aae740b elementor-section-boxed elementor-section-height-default elementor-section-height-default\" data-id=\"aae740b\" data-element_type=\"section\">\n\t\t\t\t\t\t<div class=\"elementor-container elementor-column-gap-default\">\n\t\t\t\t\t<div class=\"elementor-column elementor-col-100 elementor-top-column elementor-element elementor-element-c17c549\" data-id=\"c17c549\" data-element_type=\"column\">\n\t\t\t<div class=\"elementor-widget-wrap elementor-element-populated\">\n\t\t\t\t\t\t<div class=\"elementor-element elementor-element-d222657 elementor-widget elementor-widget-slider_revolution\" data-id=\"d222657\" data-element_type=\"widget\" data-widget_type=\"slider_revolution.default\">\n\t\t\t\t\t\n\t\t<div class=\"wp-block-themepunch-revslider\">\n\t\t\t\t<p class=\"rs-p-wp-fix\"><\/p>\n\t\t\t\t<sr7-module data-alias=\"home-2\" data-id=\"2\" id=\"SR7_2_1\" class=\"rs-ov-hidden\" data-version=\"6.7.37\">\n\t\t\t\t\t<sr7-adjuster><\/sr7-adjuster>\n\t\t\t\t\t<sr7-content>\n\t\t\t\t\t\t<sr7-slide id=\"SR7_2_1-4\" data-key=\"4\">\n\t\t\t\t\t\t\t<sr7-bg id=\"SR7_2_1-4-24\" class=\"sr7-layer\"><noscript><img decoding=\"async\" src=\"https:\/\/smartsys.ma\/wp-content\/uploads\/2020\/03\/home-2_slider-1_bg.jpg\" alt=\"\" title=\"home-2_slider-1_bg\"><\/noscript><\/sr7-bg>\n\t\t\t\t\t\t\t<sr7-txt id=\"SR7_2_1-4-2\" class=\"sr7-layer\">SOLUTION PARFAITE POUR VOTRE ENTREPRISE<\/sr7-txt>\n\t\t\t\t\t\t\t<sr7-txt id=\"SR7_2_1-4-3\" class=\"sr7-layer\">Nous transformons votre vision en r\u00e9alit\u00e9 gr\u00e2ce \u00e0 une cha\u00eene d'approvisionnement agile, fiable et optimis\u00e9e.<\/sr7-txt>\n\t\t\t\t\t\t\t<sr7-txt id=\"SR7_2_1-4-17\" class=\"sr7-layer\">d\u00e9marrez votre commande ici<\/sr7-txt>\n\t\t\t\t\t\t\t<sr7-txt id=\"SR7_2_1-4-19\" class=\"sr7-layer\">scroll<\/sr7-txt>\n\t\t\t\t\t\t\t<a id=\"SR7_2_1-4-23\" class=\"sr7-layer\" href=\"https:\/\/smartsys.ma\/index.php\/formulaire-de-commande\/\" target=\"_self\"><a style=\"color: inherit; transition: inherit;\" href=\"https:\/\/www.youtube.com\/watch?v=jqRdl2P2CjE\"><i style=\"color: inherit;\" class=\"flaticon-play\"><\/i><\/a><\/a>\n\t\t\t\t\t\t<\/sr7-slide>\n\t\t\t\t\t\t<sr7-slide id=\"SR7_2_1-10\" data-key=\"10\">\n\t\t\t\t\t\t<\/sr7-slide>\n\t\t\t\t\t<\/sr7-content>\n\t\t\t\t\t<image_lists style=\"display:none\">\n\t\t\t\t\t\t<img data-src=\"\/\/smartsys.ma\/wp-content\/uploads\/2020\/03\/home-2_slider-1_1.png\" data-libid=\"2297\" data-lib=\"medialibrary\" alt=\"home2-slider-1\" title=\"home-2_slider-1_1\" width=\"0\" height=\"0\" data-dbsrc=\"Ly9zbWFydHN5cy5tYS93cC1jb250ZW50L3VwbG9hZHMvMjAyMC8wMy9ob21lLTJfc2xpZGVyLTFfMS5wbmc=\"\/>\n\t\t\t\t\t\t<img data-src=\"\/\/smartsys.ma\/wp-content\/uploads\/2020\/03\/home-2_slider-1_2.png\" data-libid=\"2298\" data-lib=\"medialibrary\" alt=\"home2-slider-2\" title=\"home-2_slider-1_2\" width=\"0\" height=\"0\" data-dbsrc=\"Ly9zbWFydHN5cy5tYS93cC1jb250ZW50L3VwbG9hZHMvMjAyMC8wMy9ob21lLTJfc2xpZGVyLTFfMi5wbmc=\"\/>\n\t\t\t\t\t\t<img data-src=\"\/\/smartsys.ma\/wp-content\/uploads\/2020\/03\/home-2_slider-1_3.png\" data-libid=\"2307\" data-lib=\"medialibrary\" alt=\"home2-slider-3\" title=\"home-2_slider-1_3\" width=\"0\" height=\"0\" data-dbsrc=\"Ly9zbWFydHN5cy5tYS93cC1jb250ZW50L3VwbG9hZHMvMjAyMC8wMy9ob21lLTJfc2xpZGVyLTFfMy5wbmc=\"\/>\n\t\t\t\t\t\t<img loading=\"lazy\" data-src=\"\/\/smartsys.ma\/wp-content\/uploads\/2020\/03\/home-2_slider-1_4.png\" data-libid=\"2308\" data-lib=\"medialibrary\" alt=\"home2-slider-4\" title=\"home-2_slider-1_4\" width=\"0\" height=\"0\" data-dbsrc=\"Ly9zbWFydHN5cy5tYS93cC1jb250ZW50L3VwbG9hZHMvMjAyMC8wMy9ob21lLTJfc2xpZGVyLTFfNC5wbmc=\"\/>\n\t\t\t\t\t\t<img loading=\"lazy\" data-src=\"\/\/smartsys.ma\/wp-content\/uploads\/2020\/03\/home-2_slider-1_11.png\" data-libid=\"2315\" data-lib=\"medialibrary\" alt=\"home2-slider-11\" title=\"home-2_slider-1_11\" width=\"0\" height=\"0\" data-dbsrc=\"Ly9zbWFydHN5cy5tYS93cC1jb250ZW50L3VwbG9hZHMvMjAyMC8wMy9ob21lLTJfc2xpZGVyLTFfMTEucG5n\"\/>\n\t\t\t\t\t\t<img loading=\"lazy\" data-src=\"\/\/smartsys.ma\/wp-content\/uploads\/2020\/03\/home-2_slider-1_6.png\" data-libid=\"2310\" data-lib=\"medialibrary\" alt=\"home2-slider-6\" title=\"home-2_slider-1_6\" width=\"0\" height=\"0\" data-dbsrc=\"Ly9zbWFydHN5cy5tYS93cC1jb250ZW50L3VwbG9hZHMvMjAyMC8wMy9ob21lLTJfc2xpZGVyLTFfNi5wbmc=\"\/>\n\t\t\t\t\t\t<img loading=\"lazy\" data-src=\"\/\/smartsys.ma\/wp-content\/uploads\/2020\/03\/home-2_slider-1_5.png\" data-libid=\"2309\" data-lib=\"medialibrary\" alt=\"home2-slider-5\" title=\"home-2_slider-1_5\" width=\"0\" height=\"0\" data-dbsrc=\"Ly9zbWFydHN5cy5tYS93cC1jb250ZW50L3VwbG9hZHMvMjAyMC8wMy9ob21lLTJfc2xpZGVyLTFfNS5wbmc=\"\/>\n\t\t\t\t\t\t<img loading=\"lazy\" data-src=\"\/\/smartsys.ma\/wp-content\/uploads\/2020\/03\/home-2_slider-1_9.png\" data-libid=\"2313\" data-lib=\"medialibrary\" alt=\"home2-slider-9\" title=\"home-2_slider-1_9\" width=\"0\" height=\"0\" data-dbsrc=\"Ly9zbWFydHN5cy5tYS93cC1jb250ZW50L3VwbG9hZHMvMjAyMC8wMy9ob21lLTJfc2xpZGVyLTFfOS5wbmc=\"\/>\n\t\t\t\t\t\t<img loading=\"lazy\" data-src=\"\/\/smartsys.ma\/wp-content\/uploads\/2020\/03\/home-2_slider-1_10.png\" data-libid=\"2314\" data-lib=\"medialibrary\" alt=\"home2-slider-10\" title=\"home-2_slider-1_10\" width=\"0\" height=\"0\" data-dbsrc=\"Ly9zbWFydHN5cy5tYS93cC1jb250ZW50L3VwbG9hZHMvMjAyMC8wMy9ob21lLTJfc2xpZGVyLTFfMTAucG5n\"\/>\n\t\t\t\t\t\t<img loading=\"lazy\" data-src=\"\/\/smartsys.ma\/wp-content\/uploads\/2020\/03\/home-2_slider-1_7.png\" data-libid=\"2311\" data-lib=\"medialibrary\" alt=\"home2-slider-7\" title=\"home-2_slider-1_7\" width=\"0\" height=\"0\" data-dbsrc=\"Ly9zbWFydHN5cy5tYS93cC1jb250ZW50L3VwbG9hZHMvMjAyMC8wMy9ob21lLTJfc2xpZGVyLTFfNy5wbmc=\"\/>\n\t\t\t\t\t\t<img loading=\"lazy\" data-src=\"\/\/smartsys.ma\/wp-content\/uploads\/2020\/03\/home-2_slider-1_8.png\" data-libid=\"2312\" data-lib=\"medialibrary\" alt=\"home2-slider-8\" title=\"home-2_slider-1_8\" width=\"0\" height=\"0\" data-dbsrc=\"Ly9zbWFydHN5cy5tYS93cC1jb250ZW50L3VwbG9hZHMvMjAyMC8wMy9ob21lLTJfc2xpZGVyLTFfOC5wbmc=\"\/>\n\t\t\t\t\t\t<img loading=\"lazy\" data-src=\"\/\/smartsys.ma\/wp-content\/uploads\/2020\/03\/home-2_slider-1_bg.jpg\" data-libid=\"2299\" data-lib=\"medialibrary\" title=\"home-2_slider-1_bg\" width=\"0\" height=\"0\" data-dbsrc=\"Ly9zbWFydHN5cy5tYS93cC1jb250ZW50L3VwbG9hZHMvMjAyMC8wMy9ob21lLTJfc2xpZGVyLTFfYmcuanBn\"\/>\n\t\t\t\t\t<\/image_lists>\n\t\t\t\t<\/sr7-module>\n\t\t\t\t<script>\n\t\t\t\t\tSR7.PMH ??={}; SR7.PMH[\"SR7_2_1\"] = {cn:100,state:false,fn: function() { if (_tpt!==undefined && _tpt.prepareModuleHeight !== undefined) {  _tpt.prepareModuleHeight({id:\"SR7_2_1\",el:[850,850,600,500,720],type:'standard',shdw:'0',gh:[850,850,600,500,720],gw:[1540,1540,1024,778,480],vpt:['-100px&#039;,&#039;-100px&#039;,&#039;-100px&#039;,&#039;-100px&#039;,&#039;-100px'],size:{fullWidth:true, fullHeight:false},mh:'0',onh:0,onw:0,bg:{color:'{\"orig\":\"transparent\",\"type\":\"solid\",\"string\":\"transparent\"}'}});   SR7.PMH[\"SR7_2_1\"].state=true;} else if(SR7.PMH[\"SR7_2_1\"].cn-->0)\tsetTimeout( SR7.PMH[\"SR7_2_1\"].fn,19);}};SR7.PMH[\"SR7_2_1\" ].fn();\n\t\t\t\t<\/script>\n<\/div>\n\n\t\t\t\t\t\t<\/div>\n\t\t\t\t\t<\/div>\n\t\t<\/div>\n\t\t\t\t\t<\/div>\n\t\t<\/section>\n\t\t\t\t<section class=\"elementor-section elementor-top-section elementor-element elementor-element-62bb228 elementor-section-boxed elementor-section-height-default elementor-section-height-default\" data-id=\"62bb228\" data-element_type=\"section\">\n\t\t\t\t\t\t<div class=\"elementor-container elementor-column-gap-default\">\n\t\t\t\t\t<div class=\"elementor-column elementor-col-100 elementor-top-column elementor-element elementor-element-335c641\" data-id=\"335c641\" data-element_type=\"column\">\n\t\t\t<div class=\"elementor-widget-wrap elementor-element-populated\">\n\t\t\t\t\t\t<div class=\"elementor-element elementor-element-4d2c263 elementor-widget elementor-widget-spacer\" data-id=\"4d2c263\" data-element_type=\"widget\" data-widget_type=\"spacer.default\">\n\t\t\t\t\t\t\t<div class=\"elementor-spacer\">\n\t\t\t<div class=\"elementor-spacer-inner\"><\/div>\n\t\t<\/div>\n\t\t\t\t\t\t<\/div>\n\t\t\t\t\t<\/div>\n\t\t<\/div>\n\t\t\t\t\t<\/div>\n\t\t<\/section>\n\t\t\t\t<section class=\"elementor-section elementor-top-section elementor-element elementor-element-47c5398 elementor-section-full_width elementor-section-height-default elementor-section-height-default\" data-id=\"47c5398\" data-element_type=\"section\">\n\t\t\t\t\t\t<div class=\"elementor-container elementor-column-gap-extended\">\n\t\t\t\t\t<div class=\"elementor-column elementor-col-100 elementor-top-column elementor-element elementor-element-d39cf7b\" data-id=\"d39cf7b\" data-element_type=\"column\">\n\t\t\t<div class=\"elementor-widget-wrap\">\n\t\t\t\t\t\t\t<\/div>\n\t\t<\/div>\n\t\t\t\t\t<\/div>\n\t\t<\/section>\n\t\t\t\t<section class=\"elementor-section elementor-top-section elementor-element elementor-element-3f6e49e elementor-section-boxed elementor-section-height-default elementor-section-height-default\" data-id=\"3f6e49e\" data-element_type=\"section\">\n\t\t\t\t\t\t<div class=\"elementor-container elementor-column-gap-default\">\n\t\t\t\t\t<div class=\"elementor-column elementor-col-100 elementor-top-column elementor-element elementor-element-749bf91\" data-id=\"749bf91\" data-element_type=\"column\">\n\t\t\t<div class=\"elementor-widget-wrap elementor-element-populated\">\n\t\t\t\t\t\t<div class=\"elementor-element elementor-element-39e908c aleft has-font elementor-widget-icon-box wgl-icon-box elementor-view-default btn_position-right elementor-widget elementor-widget-wgl-info-box\" data-id=\"39e908c\" data-element_type=\"widget\" data-widget_type=\"wgl-info-box.default\">\n\t\t\t\t<div class=\"elementor-widget-container\">\n\t\t\t\t\t<a href=\"\/our-services\/\" class=\"wgl-infobox  wgl-layout-left\"><div class=\"media-wrapper icon-wrapper\"><span class=\"wgl-icon\" ><i class=\"icon elementor-icon flaticon flaticon-see\" aria-hidden=\"true\"><\/i><\/span><\/div><div class=\"wgl-infobox_wrapper\"><div class=\"wgl-infobox-title_wrapper\"><h3 class=\"wgl-infobox_title\">1. Analyse &amp; Sourcing<\/h3><\/div><div class=\"content_wrapper\"><div class=\"wgl-infobox_content\"><h3 data-path-to-node=\"4\">\u00a0<\/h3><p data-path-to-node=\"5\">Tout commence par l'\u00e9tude de votre besoin. Vous nous transmettez votre cahier des charges (produits, quantit\u00e9s, sp\u00e9cifications techniques).<\/p><ul data-path-to-node=\"6\"><li><p data-path-to-node=\"6,0,0\"><b data-path-to-node=\"6,0,0\" data-index-in-node=\"0\">Notre action :<\/b> Nous identifions et qualifions les meilleurs fabricants parmi notre r\u00e9seau mondial.<\/p><\/li><li><p data-path-to-node=\"6,1,0\"><b data-path-to-node=\"6,1,0\" data-index-in-node=\"0\">R\u00e9sultat :<\/b> Vous recevez une s\u00e9lection de fournisseurs fiables avec les meilleures offres tarifaires.<\/p><\/li><\/ul><\/div><\/div><div class=\"wgl-infobox-button_wrapper\"><div  class=\"wgl-infobox_button button-read-more \"><i aria-hidden=\"true\" class=\"flaticon flaticon-next-bottom\"><\/i><\/div><\/div><\/div><\/a>\t\t\t\t<\/div>\n\t\t\t\t<\/div>\n\t\t\t\t<div class=\"elementor-element elementor-element-155612f aleft has-font elementor-widget-icon-box wgl-icon-box elementor-view-default btn_position-right elementor-widget elementor-widget-wgl-info-box\" data-id=\"155612f\" data-element_type=\"widget\" data-widget_type=\"wgl-info-box.default\">\n\t\t\t\t<div class=\"elementor-widget-container\">\n\t\t\t\t\t<a href=\"\/our-services\/\" class=\"wgl-infobox  wgl-layout-left\"><div class=\"media-wrapper icon-wrapper\"><span class=\"wgl-icon\" ><i class=\"icon elementor-icon flaticon flaticon-correct\" aria-hidden=\"true\"><\/i><\/span><\/div><div class=\"wgl-infobox_wrapper\"><div class=\"wgl-infobox-title_wrapper\"><h3 class=\"wgl-infobox_title\">2. Validation &amp; N\u00e9gociation<\/h3><\/div><div class=\"content_wrapper\"><div class=\"wgl-infobox_content\"><h3 data-path-to-node=\"7\">\u00a0<\/h3><p data-path-to-node=\"8\">Une fois le fournisseur choisi, nous entrons en phase de s\u00e9curisation.<\/p><ul data-path-to-node=\"9\"><li><p data-path-to-node=\"9,0,0\"><b data-path-to-node=\"9,0,0\" data-index-in-node=\"0\">Notre action :<\/b> Nous n\u00e9gocions les conditions d'achat et les d\u00e9lais de production. Si n\u00e9cessaire, nous g\u00e9rons l'envoi d'\u00e9chantillons pour validation finale.<\/p><\/li><li><p data-path-to-node=\"9,1,0\"><b data-path-to-node=\"9,1,0\" data-index-in-node=\"0\">R\u00e9sultat :<\/b> Vous validez une commande conforme \u00e0 vos attentes et \u00e0 votre budget.<\/p><\/li><\/ul><\/div><\/div><div class=\"wgl-infobox-button_wrapper\"><div  class=\"wgl-infobox_button button-read-more \"><i aria-hidden=\"true\" class=\"flaticon flaticon-next-bottom\"><\/i><\/div><\/div><\/div><\/a>\t\t\t\t<\/div>\n\t\t\t\t<\/div>\n\t\t\t\t<div class=\"elementor-element elementor-element-11f69df aleft has-font elementor-widget-icon-box wgl-icon-box elementor-view-default btn_position-right elementor-widget elementor-widget-wgl-info-box\" data-id=\"11f69df\" data-element_type=\"widget\" data-widget_type=\"wgl-info-box.default\">\n\t\t\t\t<div class=\"elementor-widget-container\">\n\t\t\t\t\t<a href=\"\/our-services\/\" class=\"wgl-infobox  wgl-layout-left\"><div class=\"media-wrapper icon-wrapper\"><span class=\"wgl-icon\" ><i class=\"icon elementor-icon flaticon flaticon-report\" aria-hidden=\"true\"><\/i><\/span><\/div><div class=\"wgl-infobox_wrapper\"><div class=\"wgl-infobox-title_wrapper\"><h3 class=\"wgl-infobox_title\">3. Contr\u00f4le Qualit\u00e9 &amp; Audit<\/h3><\/div><div class=\"content_wrapper\"><div class=\"wgl-infobox_content\"><h3 data-path-to-node=\"10\">\u00a0<\/h3><p data-path-to-node=\"11\">Nous sommes vos yeux sur le terrain. Avant que la marchandise ne quitte l'usine, nous v\u00e9rifions tout.<\/p><ul data-path-to-node=\"12\"><li><p data-path-to-node=\"12,0,0\"><b data-path-to-node=\"12,0,0\" data-index-in-node=\"0\">Notre action :<\/b> Nos agents effectuent une inspection rigoureuse (quantit\u00e9, finitions, emballage) et v\u00e9rifient la conformit\u00e9 aux normes marocaines.<\/p><\/li><li><p data-path-to-node=\"12,1,0\"><b data-path-to-node=\"12,1,0\" data-index-in-node=\"0\">R\u00e9sultat :<\/b> Vous avez la garantie que ce que vous payez est exactement ce que vous recevrez.<\/p><\/li><\/ul><\/div><\/div><div class=\"wgl-infobox-button_wrapper\"><div  class=\"wgl-infobox_button button-read-more \"><i aria-hidden=\"true\" class=\"flaticon flaticon-next-bottom\"><\/i><\/div><\/div><\/div><\/a>\t\t\t\t<\/div>\n\t\t\t\t<\/div>\n\t\t\t\t<div class=\"elementor-element elementor-element-7840991 aleft has-font elementor-widget-icon-box wgl-icon-box elementor-view-default btn_position-right elementor-widget elementor-widget-wgl-info-box\" data-id=\"7840991\" data-element_type=\"widget\" data-widget_type=\"wgl-info-box.default\">\n\t\t\t\t<div class=\"elementor-widget-container\">\n\t\t\t\t\t<a href=\"\/our-services\/\" class=\"wgl-infobox  wgl-layout-left\"><div class=\"media-wrapper icon-wrapper\"><span class=\"wgl-icon\" ><i class=\"icon elementor-icon flaticon flaticon-mission\" aria-hidden=\"true\"><\/i><\/span><\/div><div class=\"wgl-infobox_wrapper\"><div class=\"wgl-infobox-title_wrapper\"><h3 class=\"wgl-infobox_title\">4. Logistique &amp; Livraison Clef en Main<\/h3><\/div><div class=\"content_wrapper\"><div class=\"wgl-infobox_content\"><h3 data-path-to-node=\"13\">\u00a0<\/h3><p data-path-to-node=\"14\">Nous g\u00e9rons toute la complexit\u00e9 administrative et le transport jusqu'au Maroc.<\/p><ul data-path-to-node=\"15\"><li><p data-path-to-node=\"15,0,0\"><b data-path-to-node=\"15,0,0\" data-index-in-node=\"0\">Notre action :<\/b> Organisation du transport (Mer\/Air), gestion des documents d'importation et accomplissement des formalit\u00e9s douani\u00e8res.<\/p><\/li><li><p data-path-to-node=\"15,1,0\"><b data-path-to-node=\"15,1,0\" data-index-in-node=\"0\">R\u00e9sultat :<\/b> Vos produits sont livr\u00e9s directement \u00e0 votre entrep\u00f4t. Vous n'avez qu'\u00e0 r\u00e9ceptionner.<\/p><\/li><\/ul><\/div><\/div><div class=\"wgl-infobox-button_wrapper\"><div  class=\"wgl-infobox_button button-read-more \"><i aria-hidden=\"true\" class=\"flaticon flaticon-next-bottom\"><\/i><\/div><\/div><\/div><\/a>\t\t\t\t<\/div>\n\t\t\t\t<\/div>\n\t\t\t\t\t<\/div>\n\t\t<\/div>\n\t\t\t\t\t<\/div>\n\t\t<\/section>\n\t\t\t\t<section class=\"elementor-section elementor-top-section elementor-element elementor-element-663b0b0 elementor-section-boxed elementor-section-height-default elementor-section-height-default\" data-id=\"663b0b0\" data-element_type=\"section\">\n\t\t\t\t\t\t<div class=\"elementor-container elementor-column-gap-default\">\n\t\t\t\t\t<div class=\"elementor-column elementor-col-100 elementor-top-column elementor-element elementor-element-be06c45\" data-id=\"be06c45\" data-element_type=\"column\">\n\t\t\t<div class=\"elementor-widget-wrap elementor-element-populated\">\n\t\t\t\t\t\t<div class=\"elementor-element elementor-element-0c2a25a elementor-widget elementor-widget-spacer\" data-id=\"0c2a25a\" data-element_type=\"widget\" data-widget_type=\"spacer.default\">\n\t\t\t\t\t\t\t<div class=\"elementor-spacer\">\n\t\t\t<div class=\"elementor-spacer-inner\"><\/div>\n\t\t<\/div>\n\t\t\t\t\t\t<\/div>\n\t\t\t\t\t<\/div>\n\t\t<\/div>\n\t\t\t\t\t<\/div>\n\t\t<\/section>\n\t\t\t\t<section class=\"elementor-section elementor-top-section elementor-element elementor-element-c053a57 elementor-section-boxed elementor-section-height-default elementor-section-height-default\" data-id=\"c053a57\" data-element_type=\"section\" data-settings=\"{&quot;background_background&quot;:&quot;classic&quot;}\">\n\t\t\t\t\t\t<div class=\"elementor-container elementor-column-gap-default\">\n\t\t\t\t\t<div class=\"elementor-column elementor-col-100 elementor-top-column elementor-element elementor-element-73b2603\" data-id=\"73b2603\" data-element_type=\"column\">\n\t\t\t<div class=\"elementor-widget-wrap elementor-element-populated\">\n\t\t\t\t\t\t<div class=\"elementor-element elementor-element-9f7c167 elementor-widget elementor-widget-spacer\" data-id=\"9f7c167\" data-element_type=\"widget\" data-widget_type=\"spacer.default\">\n\t\t\t\t\t\t\t<div class=\"elementor-spacer\">\n\t\t\t<div class=\"elementor-spacer-inner\"><\/div>\n\t\t<\/div>\n\t\t\t\t\t\t<\/div>\n\t\t\t\t\t<\/div>\n\t\t<\/div>\n\t\t\t\t\t<\/div>\n\t\t<\/section>\n\t\t\t\t<section class=\"elementor-section elementor-top-section elementor-element elementor-element-e0b8f7c elementor-section-full_width elementor-section-height-default elementor-section-height-default\" data-id=\"e0b8f7c\" data-element_type=\"section\">\n\t\t\t\t\t\t<div class=\"elementor-container elementor-column-gap-default\">\n\t\t\t\t\t<div class=\"elementor-column elementor-col-100 elementor-top-column elementor-element elementor-element-d0d8d6a\" data-id=\"d0d8d6a\" data-element_type=\"column\">\n\t\t\t<div class=\"elementor-widget-wrap elementor-element-populated\">\n\t\t\t\t\t\t<section class=\"elementor-section elementor-inner-section elementor-element elementor-element-a77bd32 elementor-section-full_width elementor-section-height-default elementor-section-height-default\" data-id=\"a77bd32\" data-element_type=\"section\" data-settings=\"{&quot;background_background&quot;:&quot;classic&quot;}\">\n\t\t\t\t\t\t<div class=\"elementor-container elementor-column-gap-no\">\n\t\t\t\t\t<div class=\"elementor-column elementor-col-16 elementor-inner-column elementor-element elementor-element-6b13ac3\" data-id=\"6b13ac3\" data-element_type=\"column\">\n\t\t\t<div class=\"elementor-widget-wrap\">\n\t\t\t\t\t\t\t<\/div>\n\t\t<\/div>\n\t\t\t\t<div class=\"elementor-column elementor-col-66 elementor-inner-column elementor-element elementor-element-a4661ad\" data-id=\"a4661ad\" data-element_type=\"column\">\n\t\t\t<div class=\"elementor-widget-wrap elementor-element-populated\">\n\t\t\t\t\t\t<div class=\"elementor-element elementor-element-5c961d2 elementor-widget elementor-widget-spacer\" data-id=\"5c961d2\" data-element_type=\"widget\" data-widget_type=\"spacer.default\">\n\t\t\t\t\t\t\t<div class=\"elementor-spacer\">\n\t\t\t<div class=\"elementor-spacer-inner\"><\/div>\n\t\t<\/div>\n\t\t\t\t\t\t<\/div>\n\t\t\t\t<div class=\"elementor-element elementor-element-24f3d1b elementor-widget elementor-widget-image\" data-id=\"24f3d1b\" data-element_type=\"widget\" data-widget_type=\"image.default\">\n\t\t\t\t\t\t\t\t\t\t\t\t\t\t\t\t<a href=\"http:\/\/smartsys.ma\/\">\n\t\t\t\t\t\t\t<img decoding=\"async\" src=\"https:\/\/smartsys.ma\/wp-content\/uploads\/elementor\/thumbs\/LOGO-LIGHT-rgoionxyoa2c396k832imfivdo9e4hy392ejgaqyvo.png\" title=\"LOGO-LIGHT\" alt=\"LOGO-LIGHT\" loading=\"lazy\" \/>\t\t\t\t\t\t\t\t<\/a>\n\t\t\t\t\t\t\t\t\t\t\t\t\t\t\t<\/div>\n\t\t\t\t<div class=\"elementor-element elementor-element-8fad45e elementor-widget elementor-widget-spacer\" data-id=\"8fad45e\" data-element_type=\"widget\" data-widget_type=\"spacer.default\">\n\t\t\t\t\t\t\t<div class=\"elementor-spacer\">\n\t\t\t<div class=\"elementor-spacer-inner\"><\/div>\n\t\t<\/div>\n\t\t\t\t\t\t<\/div>\n\t\t\t\t<div class=\"elementor-element elementor-element-ce3180c elementor-widget elementor-widget-heading\" data-id=\"ce3180c\" data-element_type=\"widget\" data-widget_type=\"heading.default\">\n\t\t\t\t\t<h2 class=\"elementor-heading-title elementor-size-default\">Profitez d'une consultation gratuite d\u00e8s maintenant !<\/h2>\t\t\t\t<\/div>\n\t\t\t\t<div class=\"elementor-element elementor-element-a59e11e elementor-widget elementor-widget-spacer\" data-id=\"a59e11e\" data-element_type=\"widget\" data-widget_type=\"spacer.default\">\n\t\t\t\t\t\t\t<div class=\"elementor-spacer\">\n\t\t\t<div class=\"elementor-spacer-inner\"><\/div>\n\t\t<\/div>\n\t\t\t\t\t\t<\/div>\n\t\t\t\t<div class=\"elementor-element elementor-element-3ea5640 acenter elementor-widget elementor-widget-wgl-button\" data-id=\"3ea5640\" data-element_type=\"widget\" data-widget_type=\"wgl-button.default\">\n\t\t\t\t<div class=\"elementor-widget-container\">\n\t\t\t\t\t<div class=\"button-wrapper\"><a  href=\"\/contacts\/\" class=\"wgl-button btn-size-lg\" role=\"button\"><div class=\"button-content-wrapper \"><span class=\"wgl-button-text\">D\u00e9marrez votre consultation ici<\/span><\/div><\/a><\/div>\t\t\t\t<\/div>\n\t\t\t\t<\/div>\n\t\t\t\t<div class=\"elementor-element elementor-element-092a992 elementor-widget elementor-widget-spacer\" data-id=\"092a992\" data-element_type=\"widget\" data-widget_type=\"spacer.default\">\n\t\t\t\t\t\t\t<div class=\"elementor-spacer\">\n\t\t\t<div class=\"elementor-spacer-inner\"><\/div>\n\t\t<\/div>\n\t\t\t\t\t\t<\/div>\n\t\t\t\t\t<\/div>\n\t\t<\/div>\n\t\t\t\t<div class=\"elementor-column elementor-col-16 elementor-inner-column elementor-element elementor-element-da1451d\" data-id=\"da1451d\" data-element_type=\"column\">\n\t\t\t<div class=\"elementor-widget-wrap elementor-element-populated\">\n\t\t\t\t\t\t<div class=\"elementor-element elementor-element-8a4328b elementor-view-stacked acenter has-font elementor-widget-icon-box wgl-icon-box elementor-shape-circle elementor-widget elementor-widget-wgl-info-box\" data-id=\"8a4328b\" data-element_type=\"widget\" data-widget_type=\"wgl-info-box.default\">\n\t\t\t\t<div class=\"elementor-widget-container\">\n\t\t\t\t\t<a href=\"\/contacts\/\" class=\"wgl-infobox  wgl-layout-top\"><div class=\"media-wrapper icon-wrapper\"><span class=\"wgl-icon\" ><i class=\"icon elementor-icon flaticon flaticon-phone-call\" aria-hidden=\"true\"><\/i><\/span><\/div><div class=\"wgl-infobox_wrapper\"><div class=\"wgl-infobox-title_wrapper\"><h3 class=\"wgl-infobox_title\">+212 661050 060<\/h3><\/div><div class=\"content_wrapper\"><\/div><\/div><\/a>\t\t\t\t<\/div>\n\t\t\t\t<\/div>\n\t\t\t\t\t<\/div>\n\t\t<\/div>\n\t\t\t\t\t<\/div>\n\t\t<\/section>\n\t\t\t\t\t<\/div>\n\t\t<\/div>\n\t\t\t\t\t<\/div>\n\t\t<\/section>\n\t\t\t\t<\/div>\n\t\t","protected":false},"excerpt":{"rendered":"<p>1. Analyse &amp; Sourcing \u00a0 Tout commence par l&#8217;\u00e9tude de votre besoin. Vous nous transmettez votre cahier des charges (produits, quantit\u00e9s, sp\u00e9cifications techniques). Notre action : Nous identifions et qualifions les meilleurs fabricants parmi notre r\u00e9seau mondial. R\u00e9sultat : Vous recevez une s\u00e9lection de fournisseurs fiables avec les meilleures offres tarifaires. 2. Validation &amp; N\u00e9gociation [&hellip;]<\/p>\n","protected":false},"author":1,"featured_media":0,"parent":0,"menu_order":0,"comment_status":"closed","ping_status":"closed","template":"","meta":{"footnotes":""},"class_list":["post-23","page","type-page","status-publish","hentry"],"_links":{"self":[{"href":"https:\/\/smartsys.ma\/index.php\/wp-json\/wp\/v2\/pages\/23","targetHints":{"allow":["GET"]}}],"collection":[{"href":"https:\/\/smartsys.ma\/index.php\/wp-json\/wp\/v2\/pages"}],"about":[{"href":"https:\/\/smartsys.ma\/index.php\/wp-json\/wp\/v2\/types\/page"}],"author":[{"embeddable":true,"href":"https:\/\/smartsys.ma\/index.php\/wp-json\/wp\/v2\/users\/1"}],"replies":[{"embeddable":true,"href":"https:\/\/smartsys.ma\/index.php\/wp-json\/wp\/v2\/comments?post=23"}],"version-history":[{"count":3,"href":"https:\/\/smartsys.ma\/index.php\/wp-json\/wp\/v2\/pages\/23\/revisions"}],"predecessor-version":[{"id":3884,"href":"https:\/\/smartsys.ma\/index.php\/wp-json\/wp\/v2\/pages\/23\/revisions\/3884"}],"wp:attachment":[{"href":"https:\/\/smartsys.ma\/index.php\/wp-json\/wp\/v2\/media?parent=23"}],"curies":[{"name":"wp","href":"https:\/\/api.w.org\/{rel}","templated":true}]}}